{"id":3260,"date":"2019-02-08T11:22:34","date_gmt":"2019-02-08T11:22:34","guid":{"rendered":"http:\/\/atelierducomplexe.org\/en\/?page_id=3260"},"modified":"2019-03-06T12:38:21","modified_gmt":"2019-03-06T12:38:21","slug":"quotes-sourced-from","status":"publish","type":"page","link":"https:\/\/atelierducomplexe.org\/en\/quotes-sourced-from\/","title":{"rendered":"Quotes sourced from"},"content":{"rendered":"<section data-kc-fullwidth=\"row\" class=\"kc-elm kc-css-758354 kc_row\"><div class=\"kc-row-container  kc-container\"><div class=\"kc-wrap-columns\"><div class=\"kc-elm kc-css-149699 kc_col-sm-12 kc_column kc_col-sm-12\"><div class=\"kc-col-container\"><div class=\"kc-elm kc-css-477788 kc_text_block\"><\/p>\n<p>\nQuotes sourced from&#8230;<br \/>\n<img loading=\"lazy\" decoding=\"async\" class=\"size-medium aligncenter\" src=\"http:\/\/atelierducomplexe.org\/en\/wp-content\/uploads\/2018\/09\/line.png\" alt=\"\" width=\"569\" height=\"3\" \/><\/p>\n<p>\n<\/div><div class=\"kc-elm kc-css-664095 kc_row kc_row_inner\"><div class=\"kc-elm kc-css-363550 kc_col-sm-12 kc_column_inner kc_col-sm-12\"><div class=\"kc_wrapper kc-col-inner-container\"><div class=\"kc-elm kc-css-835051 kc_text_block\"><\/p>\n<p>\n<i class=\"fas fa-circle\" style=\"color: #4b4945;\"><\/i> Nicolas, Lo\u00efc, Fannyand Fr\u00e9deric: Mauvais \u00e9l\u00e8ves, a documentary by Nicolas Ubelmann and Sophie Mitrani, 2017<br \/>\n<strong><i class=\"fas fa-circle\" style=\"color: #4b4945;\"><\/i>\u00a0<a style=\"color: #4b4945;\" href=\"https:\/\/medium.com\/france\/j-aime-apprendre-c-est-pourquoi-je-n-aime-pas-l-%C3%A9cole-1b1984b65c84\"><u>Benjamin<\/u><\/a><\/strong><\/p>\n<p><i class=\"fas fa-circle\" style=\"color: #4b4945;\"><\/i>\u00a0Jules and Olivier: Mauvais \u00e9l\u00e8ves, a documentary by Nicolas Ubelmann and Sophie Mitrani, 2017<br \/>\n<strong> <i class=\"fas fa-circle\" style=\"color: #4b4945;\"><\/i>\u00a0\u00a0<a style=\"color: #4b4945;\" href=\"https:\/\/www.youtube.com\/watch?v=dbic3JCX1jo\"><u>Carley<\/u><\/a><\/strong><br \/>\n<strong> <i class=\"fas fa-circle\" style=\"color: #4b4945;\"><\/i>\u00a0<a style=\"color: #4b4945;\" href=\"https:\/\/www.scienceshumaines.com\/decrochage-scolaire-qu-en-disent-les-ados_fr_3141.html\"><u>Extract from Sciences Humaines <\/u><\/a><\/strong><br \/>\n<strong><i class=\"fas fa-circle\" style=\"color: #4b4945;\"><\/i>\u00a0<a style=\"color: #4b4945;\" href=\"https:\/\/www.thetoptens.com\/reasons-kids-hate-school\/\"><u>Anonymous student<\/u><\/a><\/strong><br \/>\n<strong><i class=\"fas fa-circle\" style=\"color: #4b4945;\"><\/i>\u00a0<a style=\"color: #4b4945;\" href=\"http:\/\/lemonde-educ.blog.lemonde.fr\/2013\/11\/29\/enseignants-en-souffrance-il-faut-les-laisser-partir\/\"><u>Marie Claude, Ell\u00e9a, M. Prof, Jmaitret, Gloglo<\/u><\/a><\/strong><br \/>\n<strong><i class=\"fas fa-circle\" style=\"color: #4b4945;\"><\/i>\u00a0<a style=\"color: #4b4945;\" href=\"http:\/\/maragoyet.blog.lemonde.fr\/2013\/04\/26\/lincroyable-talent-des-eleves-pour-vexer-leurs-professeurs\/\"><u>Mara<\/u><\/a><\/strong><br \/>\n<strong><i class=\"fas fa-circle\" style=\"color: #4b4945;\"><\/i>\u00a0<a style=\"color: #4b4945;\" href=\"http:\/\/lemonde-educ.blog.lemonde.fr\/2013\/11\/29\/enseignants-en-souffrance-il-faut-les-laisser-partir\/\"><u>R\u00e9mi<\/u><\/a><\/strong><br \/>\n<strong><i class=\"fas fa-circle\" style=\"color: #4b4945;\"><\/i>\u00a0<a style=\"color: #4b4945;\" href=\"https:\/\/www.paris-normandie.fr\/actualites\/societe\/education\/anecdotes-perles-d-eleves-et-de-parents-les-profs-normands-racontent-tout--AH13632200\"><u>Vincent<\/u><\/a><\/strong><br \/>\n<strong><i class=\"fas fa-circle\" style=\"color: #4b4945;\"><\/i>\u00a0<a style=\"color: #4b4945;\" href=\"https:\/\/www.nouvelobs.com\/rue89\/rue89-nos-vies-connectees\/20130506.RUE6071\/chers-parents-d-eleves-vous-nous-emmerdez.html\"><u>Lulu<\/u><\/a><\/strong><br \/>\n<strong><i class=\"fas fa-circle\" style=\"color: #4b4945;\"><\/i>\u00a0<a style=\"color: #4b4945;\" href=\"http:\/\/www.troisiemeavenue.org\/portfolio-item\/pour-une-participation-des-parents-a-lecole\/\"><u>La Troisi\u00e8me Avenue<\/u><\/a><\/strong><\/p>\n<p><i class=\"fas fa-circle\" style=\"color: #4b4945;\"><\/i> Zohra, Emmanuelle, Isabelle: Mauvais \u00e9l\u00e8ves, documentary by Nicolas Ubelmann and Sophie Mitrani, 2017<\/p>\n<p><i class=\"fas fa-circle\" style=\"color: #4b4945;\"><\/i> Quentin, Fanny: Mauvais \u00e9l\u00e8ves, a documentary by Nicolas Ubelmann and Sophie Mitrani, 2017<br \/>\n<strong><i class=\"fas fa-circle\" style=\"color: #4b4945;\"><\/i>\u00a0<a style=\"color: #4b4945;\" href=\"https:\/\/www.youtube.com\/watch?v=3xvef0qOsME\"><u>Phil<\/u><\/a><\/strong><\/p>\n<p><i class=\"fas fa-circle\" style=\"color: #4b4945;\"><\/i> Cedric:Mauvais \u00e9l\u00e8ves, a documentary by Nicolas Ubelmann and Sophie Mitrani, 2017<br \/>\n<strong><i class=\"fas fa-circle\" style=\"color: #4b4945;\"><\/i>\u00a0<a style=\"color: #4b4945;\" href=\"https:\/\/www.la-croix.com\/Famille\/Parents-Enfants\/Dossiers\/Education-et-Valeurs\/A-l-ecole\/Les-bons-eleves-sont-ils-des-enfants-heureux-_NP_-2012-10-23-867697\"><u>Ad\u00e8le<\/u><\/a><\/strong><br \/>\n<strong><i class=\"fas fa-circle\" style=\"color: #4b4945;\"><\/i>\u00a0<a style=\"color: #4b4945;\" href=\"https:\/\/www.youtube.com\/watch?v=yu5GPsnxBS4\"><u>Eva<\/u><\/a><\/strong><br \/>\n<strong><i class=\"fas fa-circle\" style=\"color: #4b4945;\"><\/i>\u00a0<a style=\"color: #4b4945;\" href=\"https:\/\/www.lemonde.fr\/societe\/article\/2009\/04\/13\/eleves-trop-stresses-la-faute-aux-parents_1180067_3224.html\"><u>Joel<\/u><\/a><\/strong><br \/>\n<strong><i class=\"fas fa-circle\" style=\"color: #4b4945;\"><\/i>\u00a0<a style=\"color: #4b4945;\" href=\"http:\/\/www.leparisien.fr\/societe\/l-ecole-l-obsession-des-parents-17-09-2004-2005298670.php\"><u>EtudeSOFRES<\/u><\/a><\/strong><br \/>\n<strong><i class=\"fas fa-circle\" style=\"color: #4b4945;\"><\/i>\u00a0<a style=\"color: #4b4945;\" href=\"http:\/\/www.leparisien.fr\/societe\/l-ecole-l-obsession-des-parents-17-09-2004-2005298670.php\"><u>Arnaud<\/u><\/a><\/strong><br \/>\n<strong><i class=\"fas fa-circle\" style=\"color: #4b4945;\"><\/i>\u00a0<a style=\"color: #4b4945;\" href=\"https:\/\/www.today.com\/kindness\/parents-value-grades-over-kindness-kids-say-new-study-t105624\"><u>The Harvard School of Education survey <\/u><\/a><\/strong><br \/>\n<strong><i class=\"fas fa-circle\" style=\"color: #4b4945;\"><\/i>\u00a0<a style=\"color: #4b4945;\" href=\" https:\/\/www.francetvinfo.fr\/monde\/les-jeunes-pensent-que-l-ecole-les-prepare-mal-a-la-vie-active_59101.html\"><u>Amadou<\/u><\/a><\/strong><br \/>\n<strong><i class=\"fas fa-circle\" style=\"color: #4b4945;\"><\/i>\u00a0<a style=\"color: #4b4945;\" href=\"https:\/\/www.youtube.com\/watch?v=woVtj8GH678\"><u>Nikki<\/u><\/a><\/strong><br \/>\n<strong><i class=\"fas fa-circle\" style=\"color: #4b4945;\"><\/i>\u00a0<a style=\"color: #4b4945;\" href=\"http:\/\/www.lefigaro.fr\/emploi\/2018\/03\/28\/09005-20180328ARTFIG00313-les-employeurs-delaissent-le-diplome-au-profit-des-emotions.php\"><u>Etude P\u00f4le Emploi <\/u><\/a><\/strong><br \/>\n<strong><i class=\"fas fa-circle\" style=\"color: #4b4945;\"><\/i>\u00a0<a style=\"color: #4b4945;\" href=\"http:\/\/www.lefigaro.fr\/emploi\/2018\/03\/28\/09005-20180328ARTFIG00313-les-employeurs-delaissent-le-diplome-au-profit-des-emotions.php\"><u>Charles-Henri<\/u><\/a><\/strong><br \/>\n<strong><i class=\"fas fa-circle\" style=\"color: #4b4945;\"><\/i>\u00a0<a style=\"color: #4b4945;\" href=\"https:\/\/www.lemonde.fr\/campus\/article\/2018\/10\/14\/les-attentes-des-recruteurs-face-aux-diplomes-d-ecoles-de-commerce_5369211_4401467.html\"><u>Marielle<\/u><\/a><\/strong><br \/>\n<strong><i class=\"fas fa-circle\" style=\"color: #4b4945;\"><\/i>\u00a0<a style=\"color: #4b4945;\" href=\"https:\/\/www.lemonde.fr\/campus\/article\/2018\/10\/14\/les-attentes-des-recruteurs-face-aux-diplomes-d-ecoles-de-commerce_5369211_4401467.html\"><u>Nadia<\/u><\/a><\/strong><br \/>\n<strong><i class=\"fas fa-circle\" style=\"color: #4b4945;\"><\/i> <a style=\"color: #4b4945;\" href=\"https:\/\/onlinelibrary.wiley.com\/doi\/abs\/10.1111\/j.1744-6570.2003.tb00241.x\"><u>The Study on recruiters\u2019 initial screening decisions <\/u><\/a><\/strong><\/p>\n<p>\n<\/div><\/div><\/div><\/div><\/div><\/div><\/div><\/div><\/section>\n","protected":false},"excerpt":{"rendered":"","protected":false},"author":1,"featured_media":0,"parent":0,"menu_order":0,"comment_status":"closed","ping_status":"closed","template":"","meta":{"footnotes":""},"class_list":["post-3260","page","type-page","status-publish","hentry"],"_links":{"self":[{"href":"https:\/\/atelierducomplexe.org\/en\/wp-json\/wp\/v2\/pages\/3260","targetHints":{"allow":["GET"]}}],"collection":[{"href":"https:\/\/atelierducomplexe.org\/en\/wp-json\/wp\/v2\/pages"}],"about":[{"href":"https:\/\/atelierducomplexe.org\/en\/wp-json\/wp\/v2\/types\/page"}],"author":[{"embeddable":true,"href":"https:\/\/atelierducomplexe.org\/en\/wp-json\/wp\/v2\/users\/1"}],"replies":[{"embeddable":true,"href":"https:\/\/atelierducomplexe.org\/en\/wp-json\/wp\/v2\/comments?post=3260"}],"version-history":[{"count":91,"href":"https:\/\/atelierducomplexe.org\/en\/wp-json\/wp\/v2\/pages\/3260\/revisions"}],"predecessor-version":[{"id":3794,"href":"https:\/\/atelierducomplexe.org\/en\/wp-json\/wp\/v2\/pages\/3260\/revisions\/3794"}],"wp:attachment":[{"href":"https:\/\/atelierducomplexe.org\/en\/wp-json\/wp\/v2\/media?parent=3260"}],"curies":[{"name":"wp","href":"https:\/\/api.w.org\/{rel}","templated":true}]}}