{"id":1464,"date":"2018-09-18T07:59:40","date_gmt":"2018-09-18T07:59:40","guid":{"rendered":"http:\/\/w3webhelp.in\/sample\/atelierducomplexe_new\/?page_id=1464"},"modified":"2019-10-23T13:37:34","modified_gmt":"2019-10-23T13:37:34","slug":"collective-intelligence","status":"publish","type":"page","link":"https:\/\/atelierducomplexe.org\/en\/library\/collective-intelligence\/","title":{"rendered":"Collective Intelligence"},"content":{"rendered":"<p><section class=\"kc-elm kc-css-912416 kc_row\"><div class=\"kc-row-container  kc-container\"><div class=\"kc-wrap-columns\"><div class=\"kc-elm kc-css-199555 kc_col-sm-12 kc_column kc_col-sm-12\"><div class=\"kc-col-container\"><div class=\"kc-elm kc-css-644139 kc_row kc_row_inner\"><div class=\"kc-elm kc-css-878903 kc_col-sm-12 kc_column_inner kc_col-sm-12\"><div class=\"kc_wrapper kc-col-inner-container\"><div class=\"kc-elm kc-css-215502 kc_text_block\"><\/p>\n<p>Collective Intelligence<br \/>\n<img loading=\"lazy\" decoding=\"async\" class=\"alignnone size-medium\" src=\"https:\/\/atelierducomplexe.org\/en\/wp-content\/uploads\/2018\/09\/line.png\" alt=\"\" width=\"567\" height=\"3\" \/><\/p>\n<p>\n<\/div><\/div><\/div><\/div><\/div><\/div><\/div><\/div><\/section><section class=\"kc-elm kc-css-744712 kc_row\"><div class=\"kc-row-container  kc-container\"><div class=\"kc-wrap-columns\"><div class=\"kc-elm kc-css-571725 kc_col-sm-12 kc_column kc_col-sm-12\"><div class=\"kc-col-container\"><div data-closeall=\"true\" class=\"kc-elm kc-css-723599 kc_accordion_wrapper\">\n<div class=\"kc-elm kc-css-301603 kc_accordion_section group \"><h3 class=\"kc_accordion_header ui-accordion-header\"><span class=\"ui-accordion-header-icon ui-icon\"><\/span><a href=\"#english\" data-prevent=\"scroll\"><i class=\"\"><\/i> English<\/a><\/h3><div class=\"kc_accordion_content ui-accordion-content kc_clearfix\"><div class=\"kc-panel-body\"><div class=\"kc-elm kc-css-72981 kc-raw-code\"><ul class=\"dlm-downloads\"><li><aside\n\tclass=\"download-box\">\n\n\t<img loading=\"lazy\" decoding=\"async\" width=\"550\" height=\"814\" src=\"https:\/\/atelierducomplexe.org\/en\/wp-content\/uploads\/2018\/09\/Handbook-of-Collective-Intelligence-Thomas-Malone-Michael-Bernstein-2015-1.jpg\" class=\"attachment-full size-full wp-post-image\" alt=\"\" srcset=\"https:\/\/atelierducomplexe.org\/en\/wp-content\/uploads\/2018\/09\/Handbook-of-Collective-Intelligence-Thomas-Malone-Michael-Bernstein-2015-1.jpg 550w, https:\/\/atelierducomplexe.org\/en\/wp-content\/uploads\/2018\/09\/Handbook-of-Collective-Intelligence-Thomas-Malone-Michael-Bernstein-2015-1-203x300.jpg 203w\" sizes=\"auto, (max-width: 550px) 100vw, 550px\" \/>\n\t<div\n\t\tclass=\"download-count\">371 downloads<\/div>\n\n\t<div\n\t\tclass=\"download-box-content\">\n\n\t\t<h1>Handbook of Collective Intelligence, Thomas Malone, Michael Bernstein, 2015<\/h1>\n\n\t\t\t\t\t\t<a  data-e-Disable-Page-Transition=\"true\" class=\"download-link download-button\" title=\"\" href=\"http:\/\/atelierducomplexe.org\/en\/download\/1915\/?tmstv=1776966755\" rel=\"nofollow\" id=\"download-link-1915\" data-redirect=\"false\" >\n\t\t\tDownload File\t\t\t<small>handbook-collective-intelligence\t\t\t\t&ndash; <\/small>\n\t\t<\/a>\n\t\t\t<\/div>\n<\/aside>\n\n\n<\/li><li><aside\n\tclass=\"download-box\">\n\n\t<img loading=\"lazy\" decoding=\"async\" width=\"338\" height=\"499\" src=\"https:\/\/atelierducomplexe.org\/en\/wp-content\/uploads\/2018\/09\/Swarm-Intelligence-From-Natural-to-Artificial-Systems-Eric-Bonabeau-Marco-Dorigo-Guy-Theraula-1999-1.jpg\" class=\"attachment-full size-full wp-post-image\" alt=\"\" srcset=\"https:\/\/atelierducomplexe.org\/en\/wp-content\/uploads\/2018\/09\/Swarm-Intelligence-From-Natural-to-Artificial-Systems-Eric-Bonabeau-Marco-Dorigo-Guy-Theraula-1999-1.jpg 338w, https:\/\/atelierducomplexe.org\/en\/wp-content\/uploads\/2018\/09\/Swarm-Intelligence-From-Natural-to-Artificial-Systems-Eric-Bonabeau-Marco-Dorigo-Guy-Theraula-1999-1-203x300.jpg 203w\" sizes=\"auto, (max-width: 338px) 100vw, 338px\" \/>\n\t<div\n\t\tclass=\"download-count\">372 downloads<\/div>\n\n\t<div\n\t\tclass=\"download-box-content\">\n\n\t\t<h1>Swarm Intelligence: From Natural to Artificial Systems, Eric Bonabeau, Marco Dorigo, Guy Theraula, 1999<\/h1>\n\n\t\t\t\t\t\t<a  data-e-Disable-Page-Transition=\"true\" class=\"download-link download-button\" title=\"\" href=\"http:\/\/atelierducomplexe.org\/en\/download\/1922\/?tmstv=1776966755\" rel=\"nofollow\" id=\"download-link-1922\" data-redirect=\"false\" >\n\t\t\tDownload File\t\t\t<small>0195131592\t\t\t\t&ndash; <\/small>\n\t\t<\/a>\n\t\t\t<\/div>\n<\/aside>\n\n\n<\/li><\/ul>\n\t\t\t\t<\/div><\/div><\/div><\/div><div class=\"kc-elm kc-css-769128 kc_accordion_section group \"><h3 class=\"kc_accordion_header ui-accordion-header\"><span class=\"ui-accordion-header-icon ui-icon\"><\/span><a href=\"#french\" data-prevent=\"scroll\"><i class=\"\"><\/i> French<\/a><\/h3><div class=\"kc_accordion_content ui-accordion-content kc_clearfix\"><div class=\"kc-panel-body\"><div class=\"kc-elm kc-css-245703 kc-raw-code\"><ul class=\"dlm-downloads\"><li><aside\n\tclass=\"download-box\">\n\n\t<img loading=\"lazy\" decoding=\"async\" width=\"800\" height=\"1225\" src=\"https:\/\/atelierducomplexe.org\/en\/wp-content\/uploads\/2018\/09\/Lintelligence-collective.jpg\" class=\"attachment-full size-full wp-post-image\" alt=\"\" srcset=\"https:\/\/atelierducomplexe.org\/en\/wp-content\/uploads\/2018\/09\/Lintelligence-collective.jpg 800w, https:\/\/atelierducomplexe.org\/en\/wp-content\/uploads\/2018\/09\/Lintelligence-collective-196x300.jpg 196w, https:\/\/atelierducomplexe.org\/en\/wp-content\/uploads\/2018\/09\/Lintelligence-collective-768x1176.jpg 768w, https:\/\/atelierducomplexe.org\/en\/wp-content\/uploads\/2018\/09\/Lintelligence-collective-669x1024.jpg 669w\" sizes=\"auto, (max-width: 800px) 100vw, 800px\" \/>\n\t<div\n\t\tclass=\"download-count\">397 downloads<\/div>\n\n\t<div\n\t\tclass=\"download-box-content\">\n\n\t\t<h1>Intelligence collective\u00a0: Pour une anthropologie du cyberespace, Pierre L\u00e9vy 1994<\/h1>\n\n\t\t\t\t\t\t<a  data-e-Disable-Page-Transition=\"true\" class=\"download-link download-button\" title=\"\" href=\"http:\/\/atelierducomplexe.org\/en\/download\/1918\/?tmstv=1776966755\" rel=\"nofollow\" id=\"download-link-1918\" data-redirect=\"false\" >\n\t\t\tDownload File\t\t\t<small>index-L_intelligence_collective-9782707126931.html\t\t\t\t&ndash; 20.00 B<\/small>\n\t\t<\/a>\n\t\t\t<\/div>\n<\/aside>\n\n\n<\/li><li><aside\n\tclass=\"download-box\">\n\n\t<img loading=\"lazy\" decoding=\"async\" width=\"460\" height=\"500\" src=\"https:\/\/atelierducomplexe.org\/en\/wp-content\/uploads\/2018\/09\/Lintelligence-collective-Co-cr\u00e9ons-en-conscience-le-monde-de-demain.jpg\" class=\"attachment-full size-full wp-post-image\" alt=\"\" srcset=\"https:\/\/atelierducomplexe.org\/en\/wp-content\/uploads\/2018\/09\/Lintelligence-collective-Co-cr\u00e9ons-en-conscience-le-monde-de-demain.jpg 460w, https:\/\/atelierducomplexe.org\/en\/wp-content\/uploads\/2018\/09\/Lintelligence-collective-Co-cr\u00e9ons-en-conscience-le-monde-de-demain-276x300.jpg 276w\" sizes=\"auto, (max-width: 460px) 100vw, 460px\" \/>\n\t<div\n\t\tclass=\"download-count\">360 downloads<\/div>\n\n\t<div\n\t\tclass=\"download-box-content\">\n\n\t\t<h1>L'Intelligence collective: Co-cr\u00e9ons en conscience le monde de demain, Christine Marsan et al, 2014<\/h1>\n\n\t\t\t\t\t\t<a  data-e-Disable-Page-Transition=\"true\" class=\"download-link download-button\" title=\"\" href=\"http:\/\/atelierducomplexe.org\/en\/download\/1926\/?tmstv=1776966755\" rel=\"nofollow\" id=\"download-link-1926\" data-redirect=\"false\" >\n\t\t\tDownload File\t\t\t<small>236429052X\t\t\t\t&ndash; <\/small>\n\t\t<\/a>\n\t\t\t<\/div>\n<\/aside>\n\n\n<\/li><li><aside\n\tclass=\"download-box\">\n\n\t<img loading=\"lazy\" decoding=\"async\" width=\"356\" height=\"508\" src=\"https:\/\/atelierducomplexe.org\/en\/wp-content\/uploads\/2019\/01\/D\u00e9couvrir-lIntelligence-collective.jpg\" class=\"attachment-full size-full wp-post-image\" alt=\"\" srcset=\"https:\/\/atelierducomplexe.org\/en\/wp-content\/uploads\/2019\/01\/D\u00e9couvrir-lIntelligence-collective.jpg 356w, https:\/\/atelierducomplexe.org\/en\/wp-content\/uploads\/2019\/01\/D\u00e9couvrir-lIntelligence-collective-210x300.jpg 210w\" sizes=\"auto, (max-width: 356px) 100vw, 356px\" \/>\n\t<div\n\t\tclass=\"download-count\">298 downloads<\/div>\n\n\t<div\n\t\tclass=\"download-box-content\">\n\n\t\t<h1>D\u00e9couvrir l'intelligence collective, Piazza, O., 2018<\/h1>\n\n\t\t\t\t\t\t<a  data-e-Disable-Page-Transition=\"true\" class=\"download-link download-button\" title=\"\" href=\"http:\/\/atelierducomplexe.org\/en\/download\/2950\/?tmstv=1776966755\" rel=\"nofollow\" id=\"download-link-2950\" data-redirect=\"false\" >\n\t\t\tDownload File\t\t\t<small>decouvrir-intelligence-collective\t\t\t\t&ndash; <\/small>\n\t\t<\/a>\n\t\t\t<\/div>\n<\/aside>\n\n\n<\/li><li><aside\n\tclass=\"download-box\">\n\n\t<img loading=\"lazy\" decoding=\"async\" width=\"198\" height=\"239\" src=\"https:\/\/atelierducomplexe.org\/en\/wp-content\/uploads\/2020\/06\/Ge\u0301ne\u0301rations-callopsaunautes.png\" class=\"attachment-full size-full wp-post-image\" alt=\"\" \/>\n\t<div\n\t\tclass=\"download-count\">330 downloads<\/div>\n\n\t<div\n\t\tclass=\"download-box-content\">\n\n\t\t<h1>G\u00e9n\u00e9rations collapsonautes, Yves Citton, Jacopo Rasmi, 2020<\/h1>\n\n\t\t\t\t\t\t<a  data-e-Disable-Page-Transition=\"true\" class=\"download-link download-button\" title=\"\" href=\"http:\/\/atelierducomplexe.org\/en\/download\/4330\/?tmstv=1776966755\" rel=\"nofollow\" id=\"download-link-4330\" data-redirect=\"false\" >\n\t\t\tDownload File\t\t\t<small>\t\t\t\t&ndash; 1.00 B<\/small>\n\t\t<\/a>\n\t\t\t<\/div>\n<\/aside>\n\n\n<\/li><li><aside\n\tclass=\"download-box\">\n\n\t<img loading=\"lazy\" decoding=\"async\" width=\"201\" height=\"271\" src=\"https:\/\/atelierducomplexe.org\/en\/wp-content\/uploads\/2020\/06\/Screenshot-2020-06-27-at-18.20.29.png\" class=\"attachment-full size-full wp-post-image\" alt=\"\" \/>\n\t<div\n\t\tclass=\"download-count\">241 downloads<\/div>\n\n\t<div\n\t\tclass=\"download-box-content\">\n\n\t\t<h1>L'\u00e9cole du colibri. La p\u00e9dagogie de la coop\u00e9ration. Isabelle Peloux, 2014<\/h1>\n\n\t\t\t\t\t\t<a  data-e-Disable-Page-Transition=\"true\" class=\"download-link download-button\" title=\"\" href=\"http:\/\/atelierducomplexe.org\/en\/download\/4353\/?tmstv=1776966755\" rel=\"nofollow\" id=\"download-link-4353\" data-redirect=\"false\" >\n\t\t\tDownload File\t\t\t<small>648862\t\t\t\t&ndash; <\/small>\n\t\t<\/a>\n\t\t\t<\/div>\n<\/aside>\n\n\n<\/li><\/ul>\n\t\t\t\t<\/div><\/div><\/div><\/div><\/div>\n<\/div><\/div><\/div><\/div><\/section><\/p>\n","protected":false},"excerpt":{"rendered":"","protected":false},"author":1,"featured_media":0,"parent":13,"menu_order":0,"comment_status":"closed","ping_status":"closed","template":"","meta":{"footnotes":""},"class_list":["post-1464","page","type-page","status-publish","hentry"],"_links":{"self":[{"href":"https:\/\/atelierducomplexe.org\/en\/wp-json\/wp\/v2\/pages\/1464","targetHints":{"allow":["GET"]}}],"collection":[{"href":"https:\/\/atelierducomplexe.org\/en\/wp-json\/wp\/v2\/pages"}],"about":[{"href":"https:\/\/atelierducomplexe.org\/en\/wp-json\/wp\/v2\/types\/page"}],"author":[{"embeddable":true,"href":"https:\/\/atelierducomplexe.org\/en\/wp-json\/wp\/v2\/users\/1"}],"replies":[{"embeddable":true,"href":"https:\/\/atelierducomplexe.org\/en\/wp-json\/wp\/v2\/comments?post=1464"}],"version-history":[{"count":13,"href":"https:\/\/atelierducomplexe.org\/en\/wp-json\/wp\/v2\/pages\/1464\/revisions"}],"predecessor-version":[{"id":3882,"href":"https:\/\/atelierducomplexe.org\/en\/wp-json\/wp\/v2\/pages\/1464\/revisions\/3882"}],"up":[{"embeddable":true,"href":"https:\/\/atelierducomplexe.org\/en\/wp-json\/wp\/v2\/pages\/13"}],"wp:attachment":[{"href":"https:\/\/atelierducomplexe.org\/en\/wp-json\/wp\/v2\/media?parent=1464"}],"curies":[{"name":"wp","href":"https:\/\/api.w.org\/{rel}","templated":true}]}}